{"id":78,"date":"2024-08-13T18:26:46","date_gmt":"2024-08-13T21:26:46","guid":{"rendered":"https:\/\/cahlis.com\/?page_id=78"},"modified":"2025-09-01T19:08:24","modified_gmt":"2025-09-01T22:08:24","slug":"integrantes","status":"publish","type":"page","link":"https:\/\/cahlis.com\/?page_id=78","title":{"rendered":"Integrantes"},"content":{"rendered":"\n<p>Actualmente, Somos 3 integrantes: de izquierda a derecha, guitarrista Emmanuel, baterista Le\u00f3n y en el bajo Leonardo. Nuestro guitarrista y amigo Leo, regres\u00f3 a San Juan, pero compartimos la grabaci\u00f3n del v\u00eddeo de On the loose, nuestras presentaciones en Nono y muchas horas de ensayo. <\/p>\n\n\n\n<h2 class=\"wp-block-heading\">Nuestra Banda<\/h2>\n\n\n<div class=\"wp-block-image\">\n<figure data-wp-context=\"{&quot;imageId&quot;:&quot;69dec142f06d7&quot;}\" data-wp-interactive=\"core\/image\" class=\"aligncenter size-full is-resized wp-lightbox-container\"><img fetchpriority=\"high\" decoding=\"async\" width=\"1152\" height=\"1083\" data-wp-class--hide=\"state.isContentHidden\" data-wp-class--show=\"state.isContentVisible\" data-wp-init=\"callbacks.setButtonStyles\" data-wp-on-async--click=\"actions.showLightbox\" data-wp-on-async--load=\"callbacks.setButtonStyles\" data-wp-on-async-window--resize=\"callbacks.setButtonStyles\" src=\"https:\/\/cahlis.com\/wp-content\/uploads\/2024\/08\/20240810_190612-1-scaled-e1740093447570.jpg\" alt=\"\" class=\"wp-image-84\" style=\"aspect-ratio:1;object-fit:cover;width:666px;height:auto\" srcset=\"https:\/\/cahlis.com\/wp-content\/uploads\/2024\/08\/20240810_190612-1-scaled-e1740093447570.jpg 1152w, https:\/\/cahlis.com\/wp-content\/uploads\/2024\/08\/20240810_190612-1-scaled-e1740093447570-300x282.jpg 300w, https:\/\/cahlis.com\/wp-content\/uploads\/2024\/08\/20240810_190612-1-scaled-e1740093447570-1024x963.jpg 1024w, https:\/\/cahlis.com\/wp-content\/uploads\/2024\/08\/20240810_190612-1-scaled-e1740093447570-768x722.jpg 768w\" sizes=\"(max-width: 1152px) 100vw, 1152px\" \/><button\n\t\t\tclass=\"lightbox-trigger\"\n\t\t\ttype=\"button\"\n\t\t\taria-haspopup=\"dialog\"\n\t\t\taria-label=\"Agrandar\"\n\t\t\tdata-wp-init=\"callbacks.initTriggerButton\"\n\t\t\tdata-wp-on-async--click=\"actions.showLightbox\"\n\t\t\tdata-wp-style--right=\"state.imageButtonRight\"\n\t\t\tdata-wp-style--top=\"state.imageButtonTop\"\n\t\t>\n\t\t\t<svg xmlns=\"http:\/\/www.w3.org\/2000\/svg\" width=\"12\" height=\"12\" fill=\"none\" viewBox=\"0 0 12 12\">\n\t\t\t\t<path fill=\"#fff\" d=\"M2 0a2 2 0 0 0-2 2v2h1.5V2a.5.5 0 0 1 .5-.5h2V0H2Zm2 10.5H2a.5.5 0 0 1-.5-.5V8H0v2a2 2 0 0 0 2 2h2v-1.5ZM8 12v-1.5h2a.5.5 0 0 0 .5-.5V8H12v2a2 2 0 0 1-2 2H8Zm2-12a2 2 0 0 1 2 2v2h-1.5V2a.5.5 0 0 0-.5-.5H8V0h2Z\" \/>\n\t\t\t<\/svg>\n\t\t<\/button><\/figure><\/div>\n\n\n<figure class=\"wp-block-image size-large\"><img decoding=\"async\" width=\"1024\" height=\"683\" src=\"https:\/\/cahlis.com\/wp-content\/uploads\/2024\/02\/IMG_0868-1024x683.jpg\" alt=\"\" class=\"wp-image-175\" srcset=\"https:\/\/cahlis.com\/wp-content\/uploads\/2024\/02\/IMG_0868-1024x683.jpg 1024w, https:\/\/cahlis.com\/wp-content\/uploads\/2024\/02\/IMG_0868-300x200.jpg 300w, https:\/\/cahlis.com\/wp-content\/uploads\/2024\/02\/IMG_0868-768x512.jpg 768w, https:\/\/cahlis.com\/wp-content\/uploads\/2024\/02\/IMG_0868-1536x1024.jpg 1536w, https:\/\/cahlis.com\/wp-content\/uploads\/2024\/02\/IMG_0868-2048x1365.jpg 2048w, https:\/\/cahlis.com\/wp-content\/uploads\/2024\/02\/IMG_0868-420x280.jpg 420w, https:\/\/cahlis.com\/wp-content\/uploads\/2024\/02\/IMG_0868-385x257.jpg 385w\" sizes=\"(max-width: 1024px) 100vw, 1024px\" \/><\/figure>\n\n\n\n<h2 class=\"wp-block-heading\">Le\u00f3n (baterista)<\/h2>\n\n\n\n<p><\/p>\n\n\n<div class=\"wp-block-image\">\n<figure class=\"aligncenter size-large is-resized\"><img decoding=\"async\" src=\"https:\/\/cahlis.com\/wp-content\/uploads\/2024\/08\/20240810_192859-461x1024.jpg\" alt=\"\" class=\"wp-image-91\" style=\"aspect-ratio:1;object-fit:cover;width:453px;height:auto\"\/><\/figure><\/div>\n\n\n<figure class=\"wp-block-image size-large\"><img decoding=\"async\" width=\"1024\" height=\"683\" src=\"https:\/\/cahlis.com\/wp-content\/uploads\/2025\/08\/IMG_0788-1024x683.jpg\" alt=\"\" class=\"wp-image-154\" srcset=\"https:\/\/cahlis.com\/wp-content\/uploads\/2025\/08\/IMG_0788-1024x683.jpg 1024w, https:\/\/cahlis.com\/wp-content\/uploads\/2025\/08\/IMG_0788-300x200.jpg 300w, https:\/\/cahlis.com\/wp-content\/uploads\/2025\/08\/IMG_0788-768x512.jpg 768w, https:\/\/cahlis.com\/wp-content\/uploads\/2025\/08\/IMG_0788-1536x1024.jpg 1536w, https:\/\/cahlis.com\/wp-content\/uploads\/2025\/08\/IMG_0788-2048x1365.jpg 2048w, https:\/\/cahlis.com\/wp-content\/uploads\/2025\/08\/IMG_0788-420x280.jpg 420w, https:\/\/cahlis.com\/wp-content\/uploads\/2025\/08\/IMG_0788-385x257.jpg 385w\" sizes=\"(max-width: 1024px) 100vw, 1024px\" \/><\/figure>\n\n\n\n<h2 class=\"wp-block-heading\">Leonardo (Bajista)<\/h2>\n\n\n<div class=\"wp-block-image\">\n<figure class=\"aligncenter size-large\"><img loading=\"lazy\" decoding=\"async\" width=\"387\" height=\"1024\" src=\"https:\/\/cahlis.com\/wp-content\/uploads\/2025\/06\/Screenshot_2025-06-02-15-19-49-800_com.miui_.gallery-edit-387x1024.jpg\" alt=\"\" class=\"wp-image-120\" srcset=\"https:\/\/cahlis.com\/wp-content\/uploads\/2025\/06\/Screenshot_2025-06-02-15-19-49-800_com.miui_.gallery-edit-387x1024.jpg 387w, https:\/\/cahlis.com\/wp-content\/uploads\/2025\/06\/Screenshot_2025-06-02-15-19-49-800_com.miui_.gallery-edit-113x300.jpg 113w, https:\/\/cahlis.com\/wp-content\/uploads\/2025\/06\/Screenshot_2025-06-02-15-19-49-800_com.miui_.gallery-edit-768x2032.jpg 768w, https:\/\/cahlis.com\/wp-content\/uploads\/2025\/06\/Screenshot_2025-06-02-15-19-49-800_com.miui_.gallery-edit-580x1536.jpg 580w, https:\/\/cahlis.com\/wp-content\/uploads\/2025\/06\/Screenshot_2025-06-02-15-19-49-800_com.miui_.gallery-edit-774x2048.jpg 774w, https:\/\/cahlis.com\/wp-content\/uploads\/2025\/06\/Screenshot_2025-06-02-15-19-49-800_com.miui_.gallery-edit.jpg 907w\" sizes=\"(max-width: 387px) 100vw, 387px\" \/><\/figure><\/div>\n\n<div class=\"wp-block-image\">\n<figure class=\"aligncenter size-large\"><img loading=\"lazy\" decoding=\"async\" width=\"683\" height=\"1024\" src=\"https:\/\/cahlis.com\/wp-content\/uploads\/2024\/02\/IMG_0739-683x1024.jpg\" alt=\"\" class=\"wp-image-183\" srcset=\"https:\/\/cahlis.com\/wp-content\/uploads\/2024\/02\/IMG_0739-683x1024.jpg 683w, https:\/\/cahlis.com\/wp-content\/uploads\/2024\/02\/IMG_0739-200x300.jpg 200w, https:\/\/cahlis.com\/wp-content\/uploads\/2024\/02\/IMG_0739-768x1152.jpg 768w, https:\/\/cahlis.com\/wp-content\/uploads\/2024\/02\/IMG_0739-1024x1536.jpg 1024w, https:\/\/cahlis.com\/wp-content\/uploads\/2024\/02\/IMG_0739-1365x2048.jpg 1365w, https:\/\/cahlis.com\/wp-content\/uploads\/2024\/02\/IMG_0739-scaled.jpg 1707w\" sizes=\"(max-width: 683px) 100vw, 683px\" \/><\/figure><\/div>\n\n\n<h2 class=\"wp-block-heading\">Emmanuel (Guitarrista)<\/h2>\n\n\n<div class=\"wp-block-image\">\n<figure class=\"aligncenter size-large\"><img loading=\"lazy\" decoding=\"async\" width=\"683\" height=\"1024\" src=\"https:\/\/cahlis.com\/wp-content\/uploads\/2025\/08\/IMG_0838-683x1024.jpg\" alt=\"\" class=\"wp-image-138\" srcset=\"https:\/\/cahlis.com\/wp-content\/uploads\/2025\/08\/IMG_0838-683x1024.jpg 683w, https:\/\/cahlis.com\/wp-content\/uploads\/2025\/08\/IMG_0838-200x300.jpg 200w, https:\/\/cahlis.com\/wp-content\/uploads\/2025\/08\/IMG_0838-768x1152.jpg 768w, https:\/\/cahlis.com\/wp-content\/uploads\/2025\/08\/IMG_0838-1024x1536.jpg 1024w, https:\/\/cahlis.com\/wp-content\/uploads\/2025\/08\/IMG_0838-1365x2048.jpg 1365w, https:\/\/cahlis.com\/wp-content\/uploads\/2025\/08\/IMG_0838-scaled.jpg 1707w\" sizes=\"(max-width: 683px) 100vw, 683px\" \/><\/figure><\/div>\n\n<div class=\"wp-block-image\">\n<figure class=\"aligncenter size-large\"><img loading=\"lazy\" decoding=\"async\" width=\"461\" height=\"1024\" src=\"https:\/\/cahlis.com\/wp-content\/uploads\/2024\/08\/20240810_193307-461x1024.jpg\" alt=\"\" class=\"wp-image-92\" srcset=\"https:\/\/cahlis.com\/wp-content\/uploads\/2024\/08\/20240810_193307-461x1024.jpg 461w, https:\/\/cahlis.com\/wp-content\/uploads\/2024\/08\/20240810_193307-135x300.jpg 135w, https:\/\/cahlis.com\/wp-content\/uploads\/2024\/08\/20240810_193307-768x1706.jpg 768w, https:\/\/cahlis.com\/wp-content\/uploads\/2024\/08\/20240810_193307-692x1536.jpg 692w, https:\/\/cahlis.com\/wp-content\/uploads\/2024\/08\/20240810_193307-922x2048.jpg 922w, https:\/\/cahlis.com\/wp-content\/uploads\/2024\/08\/20240810_193307-scaled.jpg 1153w\" sizes=\"(max-width: 461px) 100vw, 461px\" \/><\/figure><\/div>\n\n\n<p><\/p>\n","protected":false},"excerpt":{"rendered":"<p>Actualmente, Somos 3 integrantes: de izquierda a derecha, guitarrista Emmanuel, baterista Le\u00f3n y en el bajo Leonardo. Nuestro guitarrista y amigo Leo, regres\u00f3 a San Juan, pero compartimos la grabaci\u00f3n del v\u00eddeo de On the loose, nuestras presentaciones en Nono y muchas horas de ensayo. <span class=\"read-more\"><a class=\"more-link btn btn-transparent\" href=\"https:\/\/cahlis.com\/?page_id=78\">Read More &#8230;<\/a><\/span><\/p>\n","protected":false},"author":1,"featured_media":0,"parent":0,"menu_order":0,"comment_status":"closed","ping_status":"closed","template":"","meta":{"om_disable_all_campaigns":false,"_monsterinsights_skip_tracking":false,"_monsterinsights_sitenote_active":false,"_monsterinsights_sitenote_note":"","_monsterinsights_sitenote_category":0,"footnotes":""},"class_list":["post-78","page","type-page","status-publish","hentry"],"aioseo_notices":[],"_links":{"self":[{"href":"https:\/\/cahlis.com\/index.php?rest_route=\/wp\/v2\/pages\/78","targetHints":{"allow":["GET"]}}],"collection":[{"href":"https:\/\/cahlis.com\/index.php?rest_route=\/wp\/v2\/pages"}],"about":[{"href":"https:\/\/cahlis.com\/index.php?rest_route=\/wp\/v2\/types\/page"}],"author":[{"embeddable":true,"href":"https:\/\/cahlis.com\/index.php?rest_route=\/wp\/v2\/users\/1"}],"replies":[{"embeddable":true,"href":"https:\/\/cahlis.com\/index.php?rest_route=%2Fwp%2Fv2%2Fcomments&post=78"}],"version-history":[{"count":10,"href":"https:\/\/cahlis.com\/index.php?rest_route=\/wp\/v2\/pages\/78\/revisions"}],"predecessor-version":[{"id":212,"href":"https:\/\/cahlis.com\/index.php?rest_route=\/wp\/v2\/pages\/78\/revisions\/212"}],"wp:attachment":[{"href":"https:\/\/cahlis.com\/index.php?rest_route=%2Fwp%2Fv2%2Fmedia&parent=78"}],"curies":[{"name":"wp","href":"https:\/\/api.w.org\/{rel}","templated":true}]}}